{"id":1512,"date":"2023-10-24T12:12:00","date_gmt":"2023-10-24T12:12:00","guid":{"rendered":"https:\/\/inducoat.com\/ecological\/?page_id=1512"},"modified":"2025-01-08T10:23:17","modified_gmt":"2025-01-08T10:23:17","slug":"bacteriewerende-coating","status":"publish","type":"page","link":"https:\/\/inducoat.com\/ecological\/bacteriewerende-coating\/","title":{"rendered":"Bacteriewerend"},"content":{"rendered":"<p>[et_pb_section fb_built=&#8221;1&#8243; _builder_version=&#8221;4.18.0&#8243; _module_preset=&#8221;default&#8221; background_color=&#8221;#fff0f1&#8243; custom_padding=&#8221;200px||0px||false|false&#8221; global_colors_info=&#8221;{}&#8221;][et_pb_row _builder_version=&#8221;4.18.0&#8243; _module_preset=&#8221;default&#8221; width_tablet=&#8221;100%&#8221; width_phone=&#8221;100%&#8221; width_last_edited=&#8221;on|tablet&#8221; custom_padding=&#8221;||0px||false|false&#8221; global_colors_info=&#8221;{}&#8221;][et_pb_column type=&#8221;4_4&#8243; _builder_version=&#8221;4.18.0&#8243; _module_preset=&#8221;default&#8221; global_colors_info=&#8221;{}&#8221;][et_pb_code module_class=&#8221;interly-breadcrumbs-center&#8221; _builder_version=&#8221;4.18.0&#8243; _module_preset=&#8221;default&#8221; global_colors_info=&#8221;{}&#8221;]<div class=\"interly-breadcrumbs\"><p><a href=\"https:\/\/inducoat.com\/\">Home<\/a><span class=\"darkblue\"> \/ <\/span><a href=\"https:\/\/inducoat.com\/ecological\/\">Ecological<\/a><span class=\"darkblue\"> \/ <\/span><a href=\"https:\/\/inducoat.com\/ecological\/wp-json\/\">Wp Json<\/a><span class=\"darkblue\"> \/ <\/span><a href=\"https:\/\/inducoat.com\/ecological\/wp-json\/wp\/\">Wp<\/a><span class=\"darkblue\"> \/ <\/span><a href=\"https:\/\/inducoat.com\/ecological\/wp-json\/wp\/v2\/\">V2<\/a><span class=\"darkblue\"> \/ <\/span><a href=\"https:\/\/inducoat.com\/ecological\/wp-json\/wp\/v2\/pages\/\">Pages<\/a><span class=\"darkblue\"> \/ <\/span>1512<\/p><\/div>[\/et_pb_code][et_pb_text _builder_version=&#8221;4.18.0&#8243; _module_preset=&#8221;default&#8221; header_2_font=&#8221;|700|||||||&#8221; header_2_text_align=&#8221;center&#8221; header_2_text_color=&#8221;#3f1819&#8243; header_2_font_size=&#8221;34px&#8221; max_width=&#8221;46%&#8221; max_width_tablet=&#8221;80%&#8221; max_width_phone=&#8221;80%&#8221; max_width_last_edited=&#8221;on|tablet&#8221; module_alignment=&#8221;center&#8221; locked=&#8221;off&#8221; global_colors_info=&#8221;{}&#8221;]<\/p>\n<h2>Inducoat Bacteriewering &#8211; Systeem uitleg<\/h2>\n<p>[\/et_pb_text][et_pb_text _builder_version=&#8221;4.18.0&#8243; _module_preset=&#8221;default&#8221; text_text_color=&#8221;#3f1819&#8243; text_orientation=&#8221;center&#8221; max_width=&#8221;60%&#8221; max_width_tablet=&#8221;80%&#8221; max_width_phone=&#8221;80%&#8221; max_width_last_edited=&#8221;on|phone&#8221; module_alignment=&#8221;center&#8221; locked=&#8221;off&#8221; global_colors_info=&#8221;{}&#8221;]<\/p>\n<p>Het Inducoat Systeem is veilig en eenvoudig. Hieronder vindt u een overzicht + een handige video<\/p>\n<p>[\/et_pb_text][et_pb_video src=&#8221;https:\/\/youtu.be\/iLPDk8dJsJg&#8221; module_class=&#8221;inducoat-product-video&#8221; _builder_version=&#8221;4.18.0&#8243; _module_preset=&#8221;default&#8221; custom_margin=&#8221;150px||-200px||false|false&#8221; global_colors_info=&#8221;{}&#8221;][\/et_pb_video][\/et_pb_column][\/et_pb_row][\/et_pb_section][et_pb_section fb_built=&#8221;1&#8243; _builder_version=&#8221;4.18.0&#8243; _module_preset=&#8221;default&#8221; background_color=&#8221;#1f264a&#8221; custom_padding=&#8221;240px||140px||false|false&#8221; global_colors_info=&#8221;{}&#8221;][et_pb_row column_structure=&#8221;1_2,1_2&#8243; _builder_version=&#8221;4.18.0&#8243; _module_preset=&#8221;default&#8221; global_colors_info=&#8221;{}&#8221;][et_pb_column type=&#8221;1_2&#8243; _builder_version=&#8221;4.18.0&#8243; _module_preset=&#8221;default&#8221; global_colors_info=&#8221;{}&#8221;][et_pb_text _builder_version=&#8221;4.18.0&#8243; _module_preset=&#8221;default&#8221; header_2_font=&#8221;|700|||||||&#8221; header_2_text_color=&#8221;#FFFFFF&#8221; header_2_font_size=&#8221;34px&#8221; global_colors_info=&#8221;{}&#8221;]<\/p>\n<h2>Instructie<\/h2>\n<p>[\/et_pb_text][et_pb_code disabled_on=&#8221;off|off|on&#8221; _builder_version=&#8221;4.18.0&#8243; _module_preset=&#8221;default&#8221; global_colors_info=&#8221;{}&#8221;]<\/p>\n<div class=\"inducoat-product-links inducoat-flexbox\"><!-- [et_pb_line_break_holder] -->  <a href=\"\/schimmelwerend\" class=\"inducoat-secondary-btn\">Schimmelwerend<\/a><!-- [et_pb_line_break_holder] -->    <a href=\"\/bacteriewerend\" class=\"inducoat-primary-btn\">Bacteriewerend<\/a><!-- [et_pb_line_break_holder] -->      <a href=\"\/algenwerend\" class=\"inducoat-secondary-btn\">Algenwerend<\/a><!-- [et_pb_line_break_holder] --><\/div>\n<p>[\/et_pb_code][et_pb_image src=&#8221;https:\/\/inducoat.com\/ecological\/wp-content\/uploads\/sites\/2\/2023\/10\/BACTERIA-vrij.png&#8221; title_text=&#8221;BACTERIA-vrij&#8221; module_class=&#8221;inducoat-product-shape plain&#8221; _builder_version=&#8221;4.18.0&#8243; _module_preset=&#8221;default&#8221; background_color=&#8221;#272e51&#8243; transform_scale=&#8221;132%|132%&#8221; transform_scale_tablet=&#8221;100%|100%&#8221; transform_scale_phone=&#8221;100%|100%&#8221; transform_scale_last_edited=&#8221;on|tablet&#8221; transform_translate_tablet=&#8221;&#8221; transform_translate_phone=&#8221;&#8221; transform_translate_last_edited=&#8221;on|tablet&#8221; transform_rotate_tablet=&#8221;&#8221; transform_rotate_phone=&#8221;&#8221; transform_rotate_last_edited=&#8221;on|tablet&#8221; transform_skew_tablet=&#8221;&#8221; transform_skew_phone=&#8221;&#8221; transform_skew_last_edited=&#8221;on|tablet&#8221; transform_origin=&#8221;50%|-8%&#8221; transform_origin_tablet=&#8221;50%|-8%&#8221; transform_origin_phone=&#8221;50%|-8%&#8221; transform_origin_last_edited=&#8221;on|tablet&#8221; transform_styles_last_edited=&#8221;on|tablet&#8221; custom_margin=&#8221;100px||||false|false&#8221; transform_styles_tablet=&#8221;&#8221; transform_styles_phone=&#8221;&#8221; global_colors_info=&#8221;{}&#8221;][\/et_pb_image][\/et_pb_column][et_pb_column type=&#8221;1_2&#8243; _builder_version=&#8221;4.18.0&#8243; _module_preset=&#8221;default&#8221; global_colors_info=&#8221;{}&#8221;][et_pb_code disabled_on=&#8221;on|on|off&#8221; _builder_version=&#8221;4.18.0&#8243; _module_preset=&#8221;default&#8221; global_colors_info=&#8221;{}&#8221;]<\/p>\n<div class=\"inducoat-product-links inducoat-flexbox\"><!-- [et_pb_line_break_holder] -->  <a href=\"\/schimmelwerend\" class=\"inducoat-secondary-btn\">Schimmelwerend<\/a><!-- [et_pb_line_break_holder] -->    <a href=\"\/bacteriewerend\" class=\"inducoat-primary-btn\">Bacteriewerend<\/a><!-- [et_pb_line_break_holder] -->      <a href=\"\/algenwerend\" class=\"inducoat-secondary-btn\">Algenwerend<\/a><!-- [et_pb_line_break_holder] --><\/div>\n<p>[\/et_pb_code][et_pb_text _builder_version=&#8221;4.27.0&#8243; _module_preset=&#8221;default&#8221; header_2_font=&#8221;|700|||||||&#8221; header_2_text_color=&#8221;#FFFFFF&#8221; header_2_font_size=&#8221;34px&#8221; custom_margin=&#8221;100px||||false|false&#8221; custom_margin_tablet=&#8221;50px||||false|false&#8221; custom_margin_phone=&#8221;50px||||false|false&#8221; custom_margin_last_edited=&#8221;on|tablet&#8221; locked=&#8221;off&#8221; global_colors_info=&#8221;{}&#8221;]<\/p>\n<h2>Muren extra bescherming geven tegen ongewenste bacteri\u00ebn?<\/h2>\n<p>[\/et_pb_text][et_pb_text _builder_version=&#8221;4.27.0&#8243; _module_preset=&#8221;default&#8221; text_text_color=&#8221;#FFFFFF&#8221; global_colors_info=&#8221;{}&#8221;]<\/p>\n<p>Wat je niet ziet, kan er wel zijn. Zeker in omgevingen waar <span style=\"font-weight: 400;\">hygi\u00ebne<\/span> cruciaal is, is ieder stukje van de <span style=\"font-weight: 400;\">hygi\u00ebne<\/span>-puzzel relevant. Ook bacterie-werende coatings.\u00a0<\/p>\n<p>Afhankelijk van je omgeving kies je voor een coating die past binnen jouw schoonmaakprotocol. Dat gaat van een hoogwaardige bacteriewerende muurverf, bijvoorbeeld voor een <span style=\"font-weight: 400;\">pati\u00ebntenkamer<\/span>, tot een ultra-duurzame polyurethane, bijvoorbeeld voor een clean room.\u00a0<\/p>\n<p>Het gaat dus om de gewenste bescherming &#8211; iedere Inducoat coating geeft zo extra rugdekking. Voor hetzelfde geld. Eenvoudig. En: alle coatings zijn watergedragen en daarmee direct toepasbaar voor iedere omgeving.<\/p>\n<p>&nbsp;<\/p>\n<p>[\/et_pb_text][et_pb_code _builder_version=&#8221;4.23.1&#8243; _module_preset=&#8221;default&#8221; transform_translate_linked__hover=&#8221;off&#8221; custom_margin=&#8221;80px||||false|false&#8221; global_colors_info=&#8221;{}&#8221; transform_styles__hover_enabled=&#8221;on|hover&#8221; transform_scale__hover_enabled=&#8221;on|desktop&#8221; transform_translate__hover_enabled=&#8221;on|hover&#8221; transform_rotate__hover_enabled=&#8221;on|desktop&#8221; transform_skew__hover_enabled=&#8221;on|desktop&#8221; transform_origin__hover_enabled=&#8221;on|desktop&#8221; transform_translate__hover=&#8221;0px|-5px&#8221;]<a href=\"\/offerte-aanvragen\" class=\"inducoat-primary-btn inducoat-btn-full-width\">Offerte aanvragen<\/a>[\/et_pb_code][\/et_pb_column][\/et_pb_row][\/et_pb_section]<\/p>\n","protected":false},"excerpt":{"rendered":"<p><div class=\"interly-breadcrumbs\"><p><a href=\"https:\/\/inducoat.com\/\">Home<\/a><span class=\"darkblue\"> \/ <\/span><a href=\"https:\/\/inducoat.com\/ecological\/\">Ecological<\/a><span class=\"darkblue\"> \/ <\/span><a href=\"https:\/\/inducoat.com\/ecological\/wp-json\/\">Wp Json<\/a><span class=\"darkblue\"> \/ <\/span><a href=\"https:\/\/inducoat.com\/ecological\/wp-json\/wp\/\">Wp<\/a><span class=\"darkblue\"> \/ <\/span><a href=\"https:\/\/inducoat.com\/ecological\/wp-json\/wp\/v2\/\">V2<\/a><span class=\"darkblue\"> \/ <\/span><a href=\"https:\/\/inducoat.com\/ecological\/wp-json\/wp\/v2\/pages\/\">Pages<\/a><span class=\"darkblue\"> \/ <\/span>1512<\/p><\/div>Inducoat Bacteriewering &#8211; Systeem uitlegHet Inducoat Systeem is veilig en eenvoudig. Hieronder vindt u een overzicht + een handige videoInstructieMuren extra bescherming geven tegen ongewenste bacteri\u00ebn?Wat je niet ziet, kan er wel zijn. Zeker in omgevingen waar hygi\u00ebne cruciaal is, is ieder stukje van de hygi\u00ebne-puzzel relevant. Ook bacterie-werende coatings.\u00a0 Afhankelijk van je omgeving kies [&hellip;]<\/p>\n","protected":false},"author":1,"featured_media":0,"parent":0,"menu_order":0,"comment_status":"closed","ping_status":"closed","template":"","meta":{"_acf_changed":false,"_et_pb_use_builder":"on","_et_pb_old_content":"","_et_gb_content_width":"","footnotes":""},"class_list":["post-1512","page","type-page","status-publish","hentry"],"acf":[],"yoast_head":"<!-- This site is optimized with the Yoast SEO plugin v27.3 - https:\/\/yoast.com\/product\/yoast-seo-wordpress\/ -->\n<title>Bacteriewerend - Inducoat Ecological<\/title>\n<meta name=\"robots\" content=\"index, follow, max-snippet:-1, max-image-preview:large, max-video-preview:-1\" \/>\n<link rel=\"canonical\" href=\"https:\/\/inducoat.com\/ecological\/bacteriewerende-coating\/\" \/>\n<meta property=\"og:locale\" content=\"nl_NL\" \/>\n<meta property=\"og:type\" content=\"article\" \/>\n<meta property=\"og:title\" content=\"Bacteriewerend - Inducoat Ecological\" \/>\n<meta property=\"og:description\" content=\"Inducoat Bacteriewering - Systeem uitlegHet Inducoat Systeem is veilig en eenvoudig. Hieronder vindt u een overzicht + een handige videoInstructieMuren extra bescherming geven tegen ongewenste bacteri\u00ebn?Wat je niet ziet, kan er wel zijn. Zeker in omgevingen waar hygi\u00ebne cruciaal is, is ieder stukje van de hygi\u00ebne-puzzel relevant. Ook bacterie-werende coatings.\u00a0 Afhankelijk van je omgeving kies [&hellip;]\" \/>\n<meta property=\"og:url\" content=\"https:\/\/inducoat.com\/ecological\/bacteriewerende-coating\/\" \/>\n<meta property=\"og:site_name\" content=\"Inducoat Ecological\" \/>\n<meta property=\"article:modified_time\" content=\"2025-01-08T10:23:17+00:00\" \/>\n<meta name=\"twitter:card\" content=\"summary_large_image\" \/>\n<meta name=\"twitter:label1\" content=\"Geschatte leestijd\" \/>\n\t<meta name=\"twitter:data1\" content=\"4 minuten\" \/>\n<script type=\"application\/ld+json\" class=\"yoast-schema-graph\">{\"@context\":\"https:\\\/\\\/schema.org\",\"@graph\":[{\"@type\":\"WebPage\",\"@id\":\"https:\\\/\\\/inducoat.com\\\/ecological\\\/bacteriewerende-coating\\\/\",\"url\":\"https:\\\/\\\/inducoat.com\\\/ecological\\\/bacteriewerende-coating\\\/\",\"name\":\"Bacteriewerend - Inducoat Ecological\",\"isPartOf\":{\"@id\":\"https:\\\/\\\/inducoat.com\\\/ecological\\\/#website\"},\"datePublished\":\"2023-10-24T12:12:00+00:00\",\"dateModified\":\"2025-01-08T10:23:17+00:00\",\"breadcrumb\":{\"@id\":\"https:\\\/\\\/inducoat.com\\\/ecological\\\/bacteriewerende-coating\\\/#breadcrumb\"},\"inLanguage\":\"nl-NL\",\"potentialAction\":[{\"@type\":\"ReadAction\",\"target\":[\"https:\\\/\\\/inducoat.com\\\/ecological\\\/bacteriewerende-coating\\\/\"]}]},{\"@type\":\"BreadcrumbList\",\"@id\":\"https:\\\/\\\/inducoat.com\\\/ecological\\\/bacteriewerende-coating\\\/#breadcrumb\",\"itemListElement\":[{\"@type\":\"ListItem\",\"position\":1,\"name\":\"Home\",\"item\":\"https:\\\/\\\/inducoat.com\\\/ecological\\\/\"},{\"@type\":\"ListItem\",\"position\":2,\"name\":\"Bacteriewerend\"}]},{\"@type\":\"WebSite\",\"@id\":\"https:\\\/\\\/inducoat.com\\\/ecological\\\/#website\",\"url\":\"https:\\\/\\\/inducoat.com\\\/ecological\\\/\",\"name\":\"Inducoat Ecological\",\"description\":\"Leader in surface hygiene\",\"potentialAction\":[{\"@type\":\"SearchAction\",\"target\":{\"@type\":\"EntryPoint\",\"urlTemplate\":\"https:\\\/\\\/inducoat.com\\\/ecological\\\/?s={search_term_string}\"},\"query-input\":{\"@type\":\"PropertyValueSpecification\",\"valueRequired\":true,\"valueName\":\"search_term_string\"}}],\"inLanguage\":\"nl-NL\"}]}<\/script>\n<!-- \/ Yoast SEO plugin. -->","yoast_head_json":{"title":"Bacteriewerend - Inducoat Ecological","robots":{"index":"index","follow":"follow","max-snippet":"max-snippet:-1","max-image-preview":"max-image-preview:large","max-video-preview":"max-video-preview:-1"},"canonical":"https:\/\/inducoat.com\/ecological\/bacteriewerende-coating\/","og_locale":"nl_NL","og_type":"article","og_title":"Bacteriewerend - Inducoat Ecological","og_description":"Inducoat Bacteriewering - Systeem uitlegHet Inducoat Systeem is veilig en eenvoudig. Hieronder vindt u een overzicht + een handige videoInstructieMuren extra bescherming geven tegen ongewenste bacteri\u00ebn?Wat je niet ziet, kan er wel zijn. Zeker in omgevingen waar hygi\u00ebne cruciaal is, is ieder stukje van de hygi\u00ebne-puzzel relevant. Ook bacterie-werende coatings.\u00a0 Afhankelijk van je omgeving kies [&hellip;]","og_url":"https:\/\/inducoat.com\/ecological\/bacteriewerende-coating\/","og_site_name":"Inducoat Ecological","article_modified_time":"2025-01-08T10:23:17+00:00","twitter_card":"summary_large_image","twitter_misc":{"Geschatte leestijd":"4 minuten"},"schema":{"@context":"https:\/\/schema.org","@graph":[{"@type":"WebPage","@id":"https:\/\/inducoat.com\/ecological\/bacteriewerende-coating\/","url":"https:\/\/inducoat.com\/ecological\/bacteriewerende-coating\/","name":"Bacteriewerend - Inducoat Ecological","isPartOf":{"@id":"https:\/\/inducoat.com\/ecological\/#website"},"datePublished":"2023-10-24T12:12:00+00:00","dateModified":"2025-01-08T10:23:17+00:00","breadcrumb":{"@id":"https:\/\/inducoat.com\/ecological\/bacteriewerende-coating\/#breadcrumb"},"inLanguage":"nl-NL","potentialAction":[{"@type":"ReadAction","target":["https:\/\/inducoat.com\/ecological\/bacteriewerende-coating\/"]}]},{"@type":"BreadcrumbList","@id":"https:\/\/inducoat.com\/ecological\/bacteriewerende-coating\/#breadcrumb","itemListElement":[{"@type":"ListItem","position":1,"name":"Home","item":"https:\/\/inducoat.com\/ecological\/"},{"@type":"ListItem","position":2,"name":"Bacteriewerend"}]},{"@type":"WebSite","@id":"https:\/\/inducoat.com\/ecological\/#website","url":"https:\/\/inducoat.com\/ecological\/","name":"Inducoat Ecological","description":"Leader in surface hygiene","potentialAction":[{"@type":"SearchAction","target":{"@type":"EntryPoint","urlTemplate":"https:\/\/inducoat.com\/ecological\/?s={search_term_string}"},"query-input":{"@type":"PropertyValueSpecification","valueRequired":true,"valueName":"search_term_string"}}],"inLanguage":"nl-NL"}]}},"_links":{"self":[{"href":"https:\/\/inducoat.com\/ecological\/wp-json\/wp\/v2\/pages\/1512","targetHints":{"allow":["GET"]}}],"collection":[{"href":"https:\/\/inducoat.com\/ecological\/wp-json\/wp\/v2\/pages"}],"about":[{"href":"https:\/\/inducoat.com\/ecological\/wp-json\/wp\/v2\/types\/page"}],"author":[{"embeddable":true,"href":"https:\/\/inducoat.com\/ecological\/wp-json\/wp\/v2\/users\/1"}],"replies":[{"embeddable":true,"href":"https:\/\/inducoat.com\/ecological\/wp-json\/wp\/v2\/comments?post=1512"}],"version-history":[{"count":5,"href":"https:\/\/inducoat.com\/ecological\/wp-json\/wp\/v2\/pages\/1512\/revisions"}],"predecessor-version":[{"id":4343,"href":"https:\/\/inducoat.com\/ecological\/wp-json\/wp\/v2\/pages\/1512\/revisions\/4343"}],"wp:attachment":[{"href":"https:\/\/inducoat.com\/ecological\/wp-json\/wp\/v2\/media?parent=1512"}],"curies":[{"name":"wp","href":"https:\/\/api.w.org\/{rel}","templated":true}]}}